{"id":3495,"date":"2024-03-10T10:05:33","date_gmt":"2024-03-10T09:05:33","guid":{"rendered":"https:\/\/lalunadelcasale.wp-ok.it\/privacy-policy\/"},"modified":"2024-04-17T18:47:49","modified_gmt":"2024-04-17T16:47:49","slug":"privacy-policy","status":"publish","type":"page","link":"https:\/\/www.lalunadelcasale.it\/en\/privacy-policy\/","title":{"rendered":"Privacy Policy"},"content":{"rendered":"\n<h2 class=\"wp-block-heading\">La Protezione dei dati personali \u00e8 importante per noi<\/h2>\n\n<p>In questa sezione dedicata ti forniamo informazioni e indicazioni, sempre aggiornate, utili per consentirti di approfondire come trattiamo i tuoi dati personali e di conoscere i tuoi diritti.<\/p>\n\n<p><strong>Titolare del trattamento<\/strong>:<\/p>\n\n<p>Sirbu Nicoleta Azienda Agricola Biologica, via Fontana Parata, 11-00075 Lanuvio Roma<\/p>\n\n<p><strong>Dati di contatto del Responsabile della protezione dei dati (Data Protection Officer)<\/strong>:<\/p>\n\n<p>Sirbu Nicoleta: NICOLETA@LALUNADELCASALE.IT (art. 38 GDPR)<\/p>\n\n<h2 class=\"wp-block-heading\">Come trattiamo i tuoi dati personali<\/h2>\n\n<p>Come saprai, a partire dal 25 maggio trova piena applicazione il nuovo Regolamento europeo sulla Protezione dei dati personali n. 2016\/679, noto anche come GDPR (General Data Protection Regulation). Per garantirti ancora pi\u00f9 trasparenza nel trattamento dei tuoi dati personali abbiamo aggiornato l\u2019Informativa.<\/p>\n\n<h3 class=\"wp-block-heading\">Informativa sulla protezione dei dati<\/h3>\n\n<p>lo scopo di questo documento \u00e8 di informarti, in particolare, su quali dei tuoi dati trattiamo, le finalit\u00e0 per cui li trattiamo e li condividiamo, per quanto tempo li conserviamo, quali sono i tuoi diritti e come potrai esercitarli.<\/p>\n\n<h3 class=\"wp-block-heading\">Quali dei tuoi dati personali trattiamo?<\/h3>\n\n<p>Il trattamento dei dati sar\u00e0 correlato e finalizzato a comunicarLe esclusivamente informazioni inerenti la societ\u00e0 e le sue attivit\u00e0 ed avverr\u00e0 nel pieno rispetto dei principi di riservatezza, correttezza, liceit\u00e0 e trasparenza, anche mediante l\u2019ausilio di mezzi elettronici e\/o automatizzati. I dati inviati dai moduli presenti nel sito web non verranno comunicati e\/o diffusi a terzi. Il conferimento dei dati \u00e8 facoltativo. Tuttavia il mancato conferimento degli stessi comporter\u00e0 la mancata elargizione delle informazioni richieste.<\/p>\n\n<h3 class=\"wp-block-heading\">Per quanto tempo conserviamo i tuoi dati personali?<\/h3>\n\n<p>Salvo che la legge non imponga specifiche esigenze di conservazione, conserviamo i tuoi dati personali per l\u2019intera durata del rapporto.<\/p>\n\n<h3 class=\"wp-block-heading\">Quali sono i tuoi diritti e come puoi esercitarli?<\/h3>\n\n<p>In conformit\u00e0 alla disciplina vigente, in relazione ai trattamenti di dati personali da noi posti in essere, hai i seguenti diritti:<\/p>\n\n<ul class=\"wp-block-list\">\n<li>accesso: \u00e8 possibile ottenere informazioni relative al trattamento dei dati personali e una copia di tali dati personali;<\/li>\n\n\n\n<li>rettifica: se ritieni che i tuoi dati personali siano inesatti, non aggiornati o incompleti, puoi richiedere che tali dati personali vengano corretti o integrati;<\/li>\n\n\n\n<li>cancellazione: \u00e8 possibile richiedere la cancellazione dei tuoi dati personali, se sussistono i motivi previsti dalla legge;<\/li>\n\n\n\n<li>limitazione: puoi richiedere la limitazione del trattamento dei tuoi dati personali, se sussistono i motivi previsti dalla legge;<\/li>\n\n\n\n<li>revoca: potrai revocare il consenso prestato per il trattamento dei tuoi dati personali in qualsiasi momento inviandoci una mail con la richiesta di cancellazione dalla nostra lista contatti.<\/li>\n<\/ul>\n\n<p>Oltre ai diritti di cui sopra, in base alla normativa applicabile, hai anche il diritto di presentare un reclamo all\u2019Autorit\u00e0 Garante.<\/p>\n\n<h2 class=\"wp-block-heading has-text-align-center\">COOKIE POLICY<\/h2>\n\n<p>La presente politica riguarda i cookie utilizzati tramite il nostro sito web. Se non si intendono accettare le condizioni riportate qui di seguito, si prega di non utilizzare questo sito e di cancellare i cookie collocati sul proprio pc.<\/p>\n\n<h3 class=\"wp-block-heading\">Cos\u2019\u00e8 un cookie?<\/h3>\n\n<p>Il nostro sito web utilizza dei cookie, e cio\u00e8 un piccolo file testuale che viene memorizzato nel computer durante la navigazione, utile a salvare le preferenze e a migliorare le prestazioni dei siti web. In questo modo si ottimizza l\u2019esperienza di navigazione da parte dell\u2019utente.<\/p>\n\n<p>Il nostro sito web utilizza Cookie per salvare la sessione dell\u2019Utente e per svolgere altre attivit\u00e0 strettamente necessarie al funzionamento dello stesso, ad esempio in relazione alla distribuzione del traffico. Utilizziamo inoltre Cookie per salvare le preferenze di navigazione ed ottimizzare l\u2019esperienza di navigazione dell\u2019Utente. Fra questi Cookie rientrano, ad esempio, quelli per impostare la lingua e la valuta o per la gestione di statistiche da parte del Titolare del sito.<\/p>\n\n<h3 class=\"wp-block-heading\">Altre tipologie di Cookie o strumenti terzi che potrebbero farne utilizzo<\/h3>\n\n<p>Alcuni dei servizi elencati di seguito raccolgono statistiche in forma aggregata e potrebbero non richiedere il consenso dell\u2019Utente o potrebbero essere gestiti direttamente dal Titolare \u2013 a seconda di quanto descritto \u2013 senza l\u2019ausilio di terzi.<\/p>\n\n<p>Qualora fra gli strumenti indicati in seguito fossero presenti servizi gestiti da terzi, questi potrebbero \u2013 in aggiunta a quanto specificato ed anche all\u2019insaputa del Titolare \u2013 compiere attivit\u00e0 di tracciamento dell\u2019Utente. Per informazioni dettagliate in merito, si consiglia di consultare le privacy policy dei servizi elencati.<\/p>\n\n<p>Questi servizi permettono di effettuare interazioni con i social network, o con altre piattaforme esterne, direttamente dalle pagine di questo sito web.<\/p>\n\n<p>Le interazioni e le informazioni acquisite da questo sito web sono in ogni caso soggette alle impostazioni privacy dell\u2019Utente relative ad ogni social network.<\/p>\n\n<p>Nel caso in cui sia installato un servizio di interazione con i social network, \u00e8 possibile che, anche nel caso gli Utenti non utilizzino il servizio, lo stesso raccolga dati di traffico relativi alle pagine in cui \u00e8 installato.<\/p>\n\n<h4 class=\"wp-block-heading\">Twitter (Twitter, Inc.)<\/h4>\n\n<p>Il pulsante Tweet e i widget sociali di Twitter sono servizi di interazione con il social network Twitter, forniti da Twitter, Inc. <br\/>Dati personali raccolti: Cookie e Dati di utilizzo. <br\/>Luogo del trattamento : USA \u2013 Privacy Policy<\/p>\n\n<h4 class=\"wp-block-heading\">Facebook (Facebook, Inc.)<\/h4>\n\n<p>Il pulsante \u201cMi Piace\u201d e i widget sociali di Facebook sono servizi di interazione con il social network Facebook, forniti da Facebook, Inc. <br\/>Dati personali raccolti: Cookie e Dati di utilizzo. <br\/>Luogo del trattamento : USA \u2013 Privacy Policy<\/p>\n\n<h4 class=\"wp-block-heading\">Google+ (Google Inc.)<\/h4>\n\n<p>Il pulsante +1 e i widget sociali di Google+ sono servizi di interazione con il social network Google+, forniti da Google Inc. <br\/>Dati personali raccolti: Cookie e Dati di utilizzo. <br\/>Luogo del trattamento : USA \u2013 Privacy Policy<\/p>\n\n<h4 class=\"wp-block-heading\">Google Fonts (Google Inc.)<\/h4>\n\n<p>Google Fonts \u00e8 un servizio di visualizzazione di stili di carattere gestito da Google Inc. che permette a questa Applicazione di integrare tali contenuti all\u2019interno delle proprie pagine. <br\/>Dati personali raccolti: Cookie e Dati di utilizzo. <br\/>Luogo del trattamento : USA \u2013 Privacy Policy<\/p>\n\n<h4 class=\"wp-block-heading\">Linkedin (LinkedIn Corporation)<\/h4>\n\n<p>Il pulsante e i widget sociali di Linkedin sono servizi di interazione con il social network Linkedin, forniti da LinkedIn Corporation. <br\/>Dati personali raccolti: Cookie e Dati di utilizzo. <br\/>Luogo del trattamento : USA \u2013 Privacy Policy<\/p>\n\n<h4 class=\"wp-block-heading\">MailChimp (Mailchimp Inc.)<\/h4>\n\n<p>Mailchimp is an email address management and message sending service provided by Mailchimp Inc. <br\/>Dati personali raccolti: Email <br\/>Luogo del trattamento : USA \u2013 Privacy Policy<\/p>\n\n<p>Il Titolare del Trattamento dei dati di questo sito web pu\u00f2 monitorare e analizzare i dati di traffico e tener traccia del comportamento dell\u2019Utente attraverso il seguente servizio:<\/p>\n\n<h4 class=\"wp-block-heading\">Google Analytics con IP anonimizzato (Google Inc.)<\/h4>\n\n<p>Google Analytics \u00e8 un servizio di analisi web fornito da Google Inc. (\u201cGoogle\u201d). Google utilizza i Dati Personali raccolti allo scopo di tracciare ed esaminare l\u2019utilizzo di questo sito web, compilare analisi di utilizzo e condividerle con gli altri servizi sviluppati da Google.<\/p>\n\n<p>Google potrebbe utilizzare i Dati Personali per contestualizzare e personalizzare gli annunci del proprio network pubblicitario.<\/p>\n\n<p>Questa integrazione di Google Analytics rende anonimo il tuo indirizzo IP. L\u2019anonimizzazione funziona abbreviando entro i confini degli Stati Membri dell\u2019Unione Europea o in altri Paesi aderenti all\u2019accordo sullo Spazio Economico Europeo l\u2019indirizzo IP degli Utenti. Solo in casi eccezionali, l\u2019indirizzo IP sar\u00e0 inviato ai server di Google ed abbreviato all\u2019interno degli Stati Uniti.<\/p>\n\n<p>Dati personali raccolti: Cookie e Dati di utilizzo. <br\/>Luogo del trattamento : USA \u2013 Privacy Policy \u2013 Opt Out<\/p>\n\n<p>In aggiunta a quanto indicato, l\u2019Utente pu\u00f2 gestire le preferenze relative ai Cookie direttamente all\u2019interno del proprio browser ed impedire \u2013 ad esempio \u2013 che terze parti possano installarne. Tramite le preferenze del browser \u00e8 inoltre possibile eliminare i Cookie installati in passato, incluso il Cookie in cui venga eventualmente salvato il consenso all\u2019installazione di Cookie da parte di questo sito. \u00c8 importante notare che disabilitando tutti i Cookie, il funzionamento di questo sito potrebbe essere compromesso. L\u2019Utente pu\u00f2 trovare informazioni su come gestire i Cookie nel suo browser ai seguenti indirizzi: Google Chrome, Mozilla Firefox, Apple Safari e Microsoft Windows Explorer.<\/p>\n\n<p>In caso di servizi erogati da terze parti, l\u2019Utente pu\u00f2 inoltre esercitare il proprio diritto ad opporsi al tracciamento informandosi tramite la privacy policy della terza parte, tramite il link di opt out se esplicitamente fornito o contattando direttamente la stessa.<\/p>\n\n<p>Fermo restando quanto precede, il Titolare informa che l\u2019Utente pu\u00f2 avvalersi di Your Online Choices. Attraverso tale servizio \u00e8 possibile gestire le preferenze di tracciamento della maggior parte degli strumenti pubblicitari. Il Titolare, pertanto, consiglia agli Utenti di utilizzare tale risorsa in aggiunta alle informazioni fornite dal presente documento.<\/p>\n\n<h3 class=\"wp-block-heading\">Titolare del Trattamento dei Dati<\/h3>\n\n<p>Azienda Agricola \u201cLa Luna del Casale\u201d di Sirbu Nicoleta \u2013 Via Fontana Parata 11 \u2013 00075 \u2013 Lanuvio (Roma) info@lalunadelcasale.it<\/p>\n\n<p>Dal momento che l\u2019installazione di Cookie e di altri sistemi di tracciamento operata da terze parti tramite i servizi utilizzati all\u2019interno di questo sito web non pu\u00f2 essere tecnicamente controllata dal Titolare, ogni riferimento specifico a Cookie e sistemi di tracciamento installati da terze parti \u00e8 da considerarsi indicativo. Per ottenere informazioni complete, consulta la privacy policy degli eventuali servizi terzi elencati in questo documento.<\/p>\n\n<p>Vista l\u2019oggettiva complessit\u00e0 legata all\u2019identificazione delle tecnologie basate sui Cookie ed alla loro integrazione molto stretta con il funzionamento del web, l\u2019Utente \u00e8 invitato a contattare il Titolare qualora volesse ricevere qualunque approfondimento relativo all\u2019utilizzo dei Cookie stessi e ad eventuali utilizzi degli stessi \u2013 ad esempio ad opera di terzi \u2013 effettuati tramite questo sito.<\/p>\n\n<h3 class=\"wp-block-heading\">Riferimenti legali<\/h3>\n\n<p>Avviso agli Utenti europei: la presente informativa privacy \u00e8 redatta in adempimento degli obblighi previsti dall\u2019Art. 10 della Direttiva n. 95\/46\/CE, nonch\u00e9 a quanto previsto dalla Direttiva 2002\/58\/CE, come aggiornata dalla Direttiva 2009\/136\/CE, in materia di Cookie.<\/p>\n\n<p>In caso di domande o commenti oppure qualora si desiderino esercitare i propri diritti, ai sensi della legislazione applicabile, si prega di contattare il nostro staff inviando una e-mail a: <strong>info@lalunadelcasale.it<\/strong><\/p>\n","protected":false},"excerpt":{"rendered":"<p>La Protezione dei dati personali \u00e8 importante per noi In questa sezione dedicata ti forniamo informazioni e indicazioni, sempre aggiornate, utili per consentirti di approfondire come trattiamo i tuoi dati personali e di conoscere i tuoi diritti. Titolare del trattamento: Sirbu Nicoleta Azienda Agricola Biologica, via Fontana Parata, 11-00075 Lanuvio Roma Dati di contatto del [&hellip;]<\/p>\n","protected":false},"author":1,"featured_media":0,"parent":0,"menu_order":0,"comment_status":"closed","ping_status":"closed","template":"","meta":{"_acf_changed":false,"_mo_disable_npp":"","_joinchat":[],"footnotes":""},"class_list":["post-3495","page","type-page","status-publish","hentry"],"acf":[],"_links":{"self":[{"href":"https:\/\/www.lalunadelcasale.it\/en\/wp-json\/wp\/v2\/pages\/3495","targetHints":{"allow":["GET"]}}],"collection":[{"href":"https:\/\/www.lalunadelcasale.it\/en\/wp-json\/wp\/v2\/pages"}],"about":[{"href":"https:\/\/www.lalunadelcasale.it\/en\/wp-json\/wp\/v2\/types\/page"}],"author":[{"embeddable":true,"href":"https:\/\/www.lalunadelcasale.it\/en\/wp-json\/wp\/v2\/users\/1"}],"replies":[{"embeddable":true,"href":"https:\/\/www.lalunadelcasale.it\/en\/wp-json\/wp\/v2\/comments?post=3495"}],"version-history":[{"count":3,"href":"https:\/\/www.lalunadelcasale.it\/en\/wp-json\/wp\/v2\/pages\/3495\/revisions"}],"predecessor-version":[{"id":3498,"href":"https:\/\/www.lalunadelcasale.it\/en\/wp-json\/wp\/v2\/pages\/3495\/revisions\/3498"}],"wp:attachment":[{"href":"https:\/\/www.lalunadelcasale.it\/en\/wp-json\/wp\/v2\/media?parent=3495"}],"curies":[{"name":"wp","href":"https:\/\/api.w.org\/{rel}","templated":true}]}}